{"id":69,"date":"2025-01-07T15:32:41","date_gmt":"2025-01-07T14:32:41","guid":{"rendered":"https:\/\/manufacturemeretmontagne.com\/?page_id=69"},"modified":"2025-06-24T14:35:38","modified_gmt":"2025-06-24T12:35:38","slug":"mentions-legales","status":"publish","type":"page","link":"https:\/\/manufacturemeretmontagne.com\/index.php\/mentions-legales\/","title":{"rendered":"Mentions l\u00e9gales"},"content":{"rendered":"\t\t<div data-elementor-type=\"wp-page\" data-elementor-id=\"69\" class=\"elementor elementor-69\">\n\t\t\t\t<div class=\"elementor-element elementor-element-92cf3e0 e-con-full e-flex e-con e-parent\" data-id=\"92cf3e0\" data-element_type=\"container\" data-e-type=\"container\" data-settings=\"{&quot;background_background&quot;:&quot;classic&quot;}\">\n\t\t\t\t<div class=\"elementor-element elementor-element-8eff1e7 elementor-widget elementor-widget-heading\" data-id=\"8eff1e7\" data-element_type=\"widget\" data-e-type=\"widget\" data-widget_type=\"heading.default\">\n\t\t\t\t<div class=\"elementor-widget-container\">\n\t\t\t\t\t<h2 class=\"elementor-heading-title elementor-size-default\">Mentions l\u00e9gales<\/h2>\t\t\t\t<\/div>\n\t\t\t\t<\/div>\n\t\t\t\t<\/div>\n\t\t<div class=\"elementor-element elementor-element-3fa6579 e-flex e-con-boxed e-con e-parent\" data-id=\"3fa6579\" data-element_type=\"container\" data-e-type=\"container\" data-settings=\"{&quot;background_background&quot;:&quot;classic&quot;}\">\n\t\t\t\t\t<div class=\"e-con-inner\">\n\t\t<div class=\"elementor-element elementor-element-c755549 e-con-full e-flex e-con e-child\" data-id=\"c755549\" data-element_type=\"container\" data-e-type=\"container\" data-settings=\"{&quot;background_background&quot;:&quot;classic&quot;}\">\n\t\t<div class=\"elementor-element elementor-element-5066f3a e-con-full e-flex e-con e-child\" data-id=\"5066f3a\" data-element_type=\"container\" data-e-type=\"container\" data-settings=\"{&quot;background_background&quot;:&quot;classic&quot;}\">\n\t\t<div class=\"elementor-element elementor-element-be5c0f7 e-con-full e-flex e-con e-child\" data-id=\"be5c0f7\" data-element_type=\"container\" data-e-type=\"container\">\n\t\t\t\t<div class=\"elementor-element elementor-element-805f7ae elementor-widget elementor-widget-text-editor\" data-id=\"805f7ae\" data-element_type=\"widget\" data-e-type=\"widget\" data-widget_type=\"text-editor.default\">\n\t\t\t\t<div class=\"elementor-widget-container\">\n\t\t\t\t\t\t\t\t\t<p>Vous \u00eates actuellement connect\u00e9(e) sur le site internet www.manufacturemeretmontagne.com.<br \/>Voici les informations l\u00e9gales de l\u2019\u00e9diteur.<\/p>\t\t\t\t\t\t\t\t<\/div>\n\t\t\t\t<\/div>\n\t\t\t\t<div class=\"elementor-element elementor-element-872eae8 elementor-widget elementor-widget-text-editor\" data-id=\"872eae8\" data-element_type=\"widget\" data-e-type=\"widget\" data-widget_type=\"text-editor.default\">\n\t\t\t\t<div class=\"elementor-widget-container\">\n\t\t\t\t\t\t\t\t\t<div id=\"TheTexte\" class=\"Texte\" lang=\"zxx\"><div class=\"post-content\"><h3><strong>La Manufacture Mer &amp; Montagne<br \/><\/strong><\/h3><p>2, Avenue des Sorbiers<br \/>44500 La Baule-Escoublac<br \/>Siret : 518 602 545 00023<\/p><h3>INFORMATIQUE ET LIBERT\u00c9S :<\/h3><p>Conform\u00e9ment aux articles 39 et suivants de la loi n\u00b0 78-17 du 6 janvier 1978 relative \u00e0 l\u2019informatique, aux fichiers et aux libert\u00e9s, modifi\u00e9e par la loi relative \u00e0 la protection des personnes physiques \u00e0 l\u2019\u00e9gard des traitements de donn\u00e9es \u00e0 caract\u00e8re personnel du 6 ao\u00fbt 2004, vous disposez d\u2019un droit d\u2019acc\u00e8s, de modification, de rectification et de suppression des donn\u00e9es qui vous concernent, en vous adressant \u00e0 <strong>La Manufacture Mer &amp; Montagne<\/strong> soit par courrier, soit par le formulaire de contact du site<\/p><h3>PROTECTIONS DES DONN\u00c9ES PERSONNELLES SUR LE SITE :<\/h3><p>Aucune information personnelle n\u2019est c\u00e9d\u00e9e \u00e0 des tiers. Les informations ne sont collect\u00e9es qu\u2019\u00e0 des fins de gestion de votre demande et de statistiques internes.<\/p><p><strong>Conception &amp; r\u00e9alisation:<br \/><\/strong><span style=\"text-decoration: underline;\"><a href=\"https:\/\/www.cinq-creation.com\"><span style=\"color: #c9ae4b; text-decoration: underline;\">cinq-creation.com<\/span><\/a><\/span><\/p><p><strong>H\u00e9bergeur :<\/strong><br \/>OVH <span class=\"ILfuVd\"><span class=\"hgKElc\">SAS : 59053 ROUBAIX<\/span><\/span><strong> <br \/><\/strong><\/p><\/div><h3>LIENS HYPERTEXTES :<\/h3><p class=\"sqsrte-large preFlex flexIn\">Le site\u00a0<strong>manufacturemeretmontagne.com<\/strong> peut contenir des liens hypertexte donnant acc\u00e8s \u00e0 d&rsquo;autres sites web \u00e9dit\u00e9s et g\u00e9r\u00e9s par des tiers.\u00a0<strong>manufacturemeretmontagne.com <\/strong>ne pourra \u00eatre tenu responsable directement ou indirectement dans le cas o\u00f9 ces sites tiers ne respecteraient pas les dispositions l\u00e9gales.<\/p><\/div>\t\t\t\t\t\t\t\t<\/div>\n\t\t\t\t<\/div>\n\t\t\t\t<div class=\"elementor-element elementor-element-aeb99ff elementor-align-center elementor-mobile-align-center elementor-widget elementor-widget-button\" data-id=\"aeb99ff\" data-element_type=\"widget\" data-e-type=\"widget\" data-widget_type=\"button.default\">\n\t\t\t\t<div class=\"elementor-widget-container\">\n\t\t\t\t\t\t\t\t\t<div class=\"elementor-button-wrapper\">\n\t\t\t\t\t<a class=\"elementor-button elementor-button-link elementor-size-sm\" href=\"https:\/\/manufacturemeretmontagne.com\/index.php\/agence-immobiliere-de-prestige\/\">\n\t\t\t\t\t\t<span class=\"elementor-button-content-wrapper\">\n\t\t\t\t\t\t\t\t\t<span class=\"elementor-button-text\">Retour \u00e0 l'accueil<\/span>\n\t\t\t\t\t<\/span>\n\t\t\t\t\t<\/a>\n\t\t\t\t<\/div>\n\t\t\t\t\t\t\t\t<\/div>\n\t\t\t\t<\/div>\n\t\t\t\t<\/div>\n\t\t\t\t<\/div>\n\t\t\t\t<\/div>\n\t\t\t\t\t<\/div>\n\t\t\t\t<\/div>\n\t\t\t\t<\/div>\n\t\t","protected":false},"excerpt":{"rendered":"<p>Mentions l\u00e9gales Vous \u00eates actuellement connect\u00e9(e) sur le site internet www.manufacturemeretmontagne.com.Voici les informations l\u00e9gales de l\u2019\u00e9diteur. La Manufacture Mer &amp; Montagne 2, Avenue des Sorbiers44500 La Baule-EscoublacSiret : 518 602 545 00023 INFORMATIQUE ET LIBERT\u00c9S : Conform\u00e9ment aux articles 39 et suivants de la loi n\u00b0 78-17 du 6 janvier 1978 relative \u00e0 l\u2019informatique, aux [&hellip;]<\/p>\n","protected":false},"author":1,"featured_media":0,"parent":0,"menu_order":0,"comment_status":"closed","ping_status":"closed","template":"","meta":{"ocean_post_layout":"full-screen","ocean_both_sidebars_style":"","ocean_both_sidebars_content_width":0,"ocean_both_sidebars_sidebars_width":0,"ocean_sidebar":"","ocean_second_sidebar":"","ocean_disable_margins":"on","ocean_add_body_class":"","ocean_shortcode_before_top_bar":"","ocean_shortcode_after_top_bar":"","ocean_shortcode_before_header":"","ocean_shortcode_after_header":"","ocean_has_shortcode":"","ocean_shortcode_after_title":"","ocean_shortcode_before_footer_widgets":"","ocean_shortcode_after_footer_widgets":"","ocean_shortcode_before_footer_bottom":"","ocean_shortcode_after_footer_bottom":"","ocean_display_top_bar":"off","ocean_display_header":"default","ocean_header_style":"","ocean_center_header_left_menu":"","ocean_custom_header_template":"","ocean_custom_logo":0,"ocean_custom_retina_logo":0,"ocean_custom_logo_max_width":0,"ocean_custom_logo_tablet_max_width":0,"ocean_custom_logo_mobile_max_width":0,"ocean_custom_logo_max_height":0,"ocean_custom_logo_tablet_max_height":0,"ocean_custom_logo_mobile_max_height":0,"ocean_header_custom_menu":"","ocean_menu_typo_font_family":"","ocean_menu_typo_font_subset":"","ocean_menu_typo_font_size":0,"ocean_menu_typo_font_size_tablet":0,"ocean_menu_typo_font_size_mobile":0,"ocean_menu_typo_font_size_unit":"px","ocean_menu_typo_font_weight":"","ocean_menu_typo_font_weight_tablet":"","ocean_menu_typo_font_weight_mobile":"","ocean_menu_typo_transform":"","ocean_menu_typo_transform_tablet":"","ocean_menu_typo_transform_mobile":"","ocean_menu_typo_line_height":0,"ocean_menu_typo_line_height_tablet":0,"ocean_menu_typo_line_height_mobile":0,"ocean_menu_typo_line_height_unit":"","ocean_menu_typo_spacing":0,"ocean_menu_typo_spacing_tablet":0,"ocean_menu_typo_spacing_mobile":0,"ocean_menu_typo_spacing_unit":"","ocean_menu_link_color":"","ocean_menu_link_color_hover":"","ocean_menu_link_color_active":"","ocean_menu_link_background":"","ocean_menu_link_hover_background":"","ocean_menu_link_active_background":"","ocean_menu_social_links_bg":"","ocean_menu_social_hover_links_bg":"","ocean_menu_social_links_color":"","ocean_menu_social_hover_links_color":"","ocean_disable_title":"on","ocean_disable_heading":"default","ocean_post_title":"","ocean_post_subheading":"","ocean_post_title_style":"","ocean_post_title_background_color":"","ocean_post_title_background":0,"ocean_post_title_bg_image_position":"","ocean_post_title_bg_image_attachment":"","ocean_post_title_bg_image_repeat":"","ocean_post_title_bg_image_size":"","ocean_post_title_height":0,"ocean_post_title_bg_overlay":0.5,"ocean_post_title_bg_overlay_color":"","ocean_disable_breadcrumbs":"default","ocean_breadcrumbs_color":"","ocean_breadcrumbs_separator_color":"","ocean_breadcrumbs_links_color":"","ocean_breadcrumbs_links_hover_color":"","ocean_display_footer_widgets":"off","ocean_display_footer_bottom":"off","ocean_custom_footer_template":"","footnotes":""},"class_list":["post-69","page","type-page","status-publish","hentry","entry"],"yoast_head":"<!-- This site is optimized with the Yoast SEO plugin v27.1.1 - https:\/\/yoast.com\/product\/yoast-seo-wordpress\/ -->\n<title>Mentions l\u00e9gales - Manufacture Mer &amp; Montagne<\/title>\n<meta name=\"robots\" content=\"noindex, follow\" \/>\n<meta property=\"og:locale\" content=\"fr_FR\" \/>\n<meta property=\"og:type\" content=\"article\" \/>\n<meta property=\"og:title\" content=\"Mentions l\u00e9gales - Manufacture Mer &amp; Montagne\" \/>\n<meta property=\"og:description\" content=\"Mentions l\u00e9gales Vous \u00eates actuellement connect\u00e9(e) sur le site internet www.manufacturemeretmontagne.com.Voici les informations l\u00e9gales de l\u2019\u00e9diteur. La Manufacture Mer &amp; Montagne 2, Avenue des Sorbiers44500 La Baule-EscoublacSiret : 518 602 545 00023 INFORMATIQUE ET LIBERT\u00c9S : Conform\u00e9ment aux articles 39 et suivants de la loi n\u00b0 78-17 du 6 janvier 1978 relative \u00e0 l\u2019informatique, aux [&hellip;]\" \/>\n<meta property=\"og:url\" content=\"https:\/\/manufacturemeretmontagne.com\/index.php\/mentions-legales\/\" \/>\n<meta property=\"og:site_name\" content=\"Manufacture Mer &amp; Montagne\" \/>\n<meta property=\"article:modified_time\" content=\"2025-06-24T12:35:38+00:00\" \/>\n<meta name=\"twitter:card\" content=\"summary_large_image\" \/>\n<meta name=\"twitter:label1\" content=\"Dur\u00e9e de lecture estim\u00e9e\" \/>\n\t<meta name=\"twitter:data1\" content=\"2 minutes\" \/>\n<script type=\"application\/ld+json\" class=\"yoast-schema-graph\">{\"@context\":\"https:\/\/schema.org\",\"@graph\":[{\"@type\":\"WebPage\",\"@id\":\"https:\/\/manufacturemeretmontagne.com\/index.php\/mentions-legales\/\",\"url\":\"https:\/\/manufacturemeretmontagne.com\/index.php\/mentions-legales\/\",\"name\":\"Mentions l\u00e9gales - Manufacture Mer &amp; Montagne\",\"isPartOf\":{\"@id\":\"https:\/\/manufacturemeretmontagne.com\/#website\"},\"datePublished\":\"2025-01-07T14:32:41+00:00\",\"dateModified\":\"2025-06-24T12:35:38+00:00\",\"breadcrumb\":{\"@id\":\"https:\/\/manufacturemeretmontagne.com\/index.php\/mentions-legales\/#breadcrumb\"},\"inLanguage\":\"fr-FR\",\"potentialAction\":[{\"@type\":\"ReadAction\",\"target\":[\"https:\/\/manufacturemeretmontagne.com\/index.php\/mentions-legales\/\"]}]},{\"@type\":\"BreadcrumbList\",\"@id\":\"https:\/\/manufacturemeretmontagne.com\/index.php\/mentions-legales\/#breadcrumb\",\"itemListElement\":[{\"@type\":\"ListItem\",\"position\":1,\"name\":\"Accueil\",\"item\":\"https:\/\/manufacturemeretmontagne.com\/\"},{\"@type\":\"ListItem\",\"position\":2,\"name\":\"Mentions l\u00e9gales\"}]},{\"@type\":\"WebSite\",\"@id\":\"https:\/\/manufacturemeretmontagne.com\/#website\",\"url\":\"https:\/\/manufacturemeretmontagne.com\/\",\"name\":\"Manufacture Mer &amp; Montagne\",\"description\":\"Agence Immobili\u00e8re\",\"publisher\":{\"@id\":\"https:\/\/manufacturemeretmontagne.com\/#organization\"},\"potentialAction\":[{\"@type\":\"SearchAction\",\"target\":{\"@type\":\"EntryPoint\",\"urlTemplate\":\"https:\/\/manufacturemeretmontagne.com\/?s={search_term_string}\"},\"query-input\":{\"@type\":\"PropertyValueSpecification\",\"valueRequired\":true,\"valueName\":\"search_term_string\"}}],\"inLanguage\":\"fr-FR\"},{\"@type\":\"Organization\",\"@id\":\"https:\/\/manufacturemeretmontagne.com\/#organization\",\"name\":\"Manufacture Mer &amp; Montagne\",\"url\":\"https:\/\/manufacturemeretmontagne.com\/\",\"logo\":{\"@type\":\"ImageObject\",\"inLanguage\":\"fr-FR\",\"@id\":\"https:\/\/manufacturemeretmontagne.com\/#\/schema\/logo\/image\/\",\"url\":\"https:\/\/manufacturemeretmontagne.com\/wp-content\/uploads\/2025\/01\/cropped-Logo-MMM-Header-2.png\",\"contentUrl\":\"https:\/\/manufacturemeretmontagne.com\/wp-content\/uploads\/2025\/01\/cropped-Logo-MMM-Header-2.png\",\"width\":3171,\"height\":1028,\"caption\":\"Manufacture Mer &amp; Montagne\"},\"image\":{\"@id\":\"https:\/\/manufacturemeretmontagne.com\/#\/schema\/logo\/image\/\"}}]}<\/script>\n<!-- \/ Yoast SEO plugin. -->","yoast_head_json":{"title":"Mentions l\u00e9gales - Manufacture Mer &amp; Montagne","robots":{"index":"noindex","follow":"follow"},"og_locale":"fr_FR","og_type":"article","og_title":"Mentions l\u00e9gales - Manufacture Mer &amp; Montagne","og_description":"Mentions l\u00e9gales Vous \u00eates actuellement connect\u00e9(e) sur le site internet www.manufacturemeretmontagne.com.Voici les informations l\u00e9gales de l\u2019\u00e9diteur. La Manufacture Mer &amp; Montagne 2, Avenue des Sorbiers44500 La Baule-EscoublacSiret : 518 602 545 00023 INFORMATIQUE ET LIBERT\u00c9S : Conform\u00e9ment aux articles 39 et suivants de la loi n\u00b0 78-17 du 6 janvier 1978 relative \u00e0 l\u2019informatique, aux [&hellip;]","og_url":"https:\/\/manufacturemeretmontagne.com\/index.php\/mentions-legales\/","og_site_name":"Manufacture Mer &amp; Montagne","article_modified_time":"2025-06-24T12:35:38+00:00","twitter_card":"summary_large_image","twitter_misc":{"Dur\u00e9e de lecture estim\u00e9e":"2 minutes"},"schema":{"@context":"https:\/\/schema.org","@graph":[{"@type":"WebPage","@id":"https:\/\/manufacturemeretmontagne.com\/index.php\/mentions-legales\/","url":"https:\/\/manufacturemeretmontagne.com\/index.php\/mentions-legales\/","name":"Mentions l\u00e9gales - Manufacture Mer &amp; Montagne","isPartOf":{"@id":"https:\/\/manufacturemeretmontagne.com\/#website"},"datePublished":"2025-01-07T14:32:41+00:00","dateModified":"2025-06-24T12:35:38+00:00","breadcrumb":{"@id":"https:\/\/manufacturemeretmontagne.com\/index.php\/mentions-legales\/#breadcrumb"},"inLanguage":"fr-FR","potentialAction":[{"@type":"ReadAction","target":["https:\/\/manufacturemeretmontagne.com\/index.php\/mentions-legales\/"]}]},{"@type":"BreadcrumbList","@id":"https:\/\/manufacturemeretmontagne.com\/index.php\/mentions-legales\/#breadcrumb","itemListElement":[{"@type":"ListItem","position":1,"name":"Accueil","item":"https:\/\/manufacturemeretmontagne.com\/"},{"@type":"ListItem","position":2,"name":"Mentions l\u00e9gales"}]},{"@type":"WebSite","@id":"https:\/\/manufacturemeretmontagne.com\/#website","url":"https:\/\/manufacturemeretmontagne.com\/","name":"Manufacture Mer &amp; Montagne","description":"Agence Immobili\u00e8re","publisher":{"@id":"https:\/\/manufacturemeretmontagne.com\/#organization"},"potentialAction":[{"@type":"SearchAction","target":{"@type":"EntryPoint","urlTemplate":"https:\/\/manufacturemeretmontagne.com\/?s={search_term_string}"},"query-input":{"@type":"PropertyValueSpecification","valueRequired":true,"valueName":"search_term_string"}}],"inLanguage":"fr-FR"},{"@type":"Organization","@id":"https:\/\/manufacturemeretmontagne.com\/#organization","name":"Manufacture Mer &amp; Montagne","url":"https:\/\/manufacturemeretmontagne.com\/","logo":{"@type":"ImageObject","inLanguage":"fr-FR","@id":"https:\/\/manufacturemeretmontagne.com\/#\/schema\/logo\/image\/","url":"https:\/\/manufacturemeretmontagne.com\/wp-content\/uploads\/2025\/01\/cropped-Logo-MMM-Header-2.png","contentUrl":"https:\/\/manufacturemeretmontagne.com\/wp-content\/uploads\/2025\/01\/cropped-Logo-MMM-Header-2.png","width":3171,"height":1028,"caption":"Manufacture Mer &amp; Montagne"},"image":{"@id":"https:\/\/manufacturemeretmontagne.com\/#\/schema\/logo\/image\/"}}]}},"_links":{"self":[{"href":"https:\/\/manufacturemeretmontagne.com\/index.php\/wp-json\/wp\/v2\/pages\/69","targetHints":{"allow":["GET"]}}],"collection":[{"href":"https:\/\/manufacturemeretmontagne.com\/index.php\/wp-json\/wp\/v2\/pages"}],"about":[{"href":"https:\/\/manufacturemeretmontagne.com\/index.php\/wp-json\/wp\/v2\/types\/page"}],"author":[{"embeddable":true,"href":"https:\/\/manufacturemeretmontagne.com\/index.php\/wp-json\/wp\/v2\/users\/1"}],"replies":[{"embeddable":true,"href":"https:\/\/manufacturemeretmontagne.com\/index.php\/wp-json\/wp\/v2\/comments?post=69"}],"version-history":[{"count":41,"href":"https:\/\/manufacturemeretmontagne.com\/index.php\/wp-json\/wp\/v2\/pages\/69\/revisions"}],"predecessor-version":[{"id":1819,"href":"https:\/\/manufacturemeretmontagne.com\/index.php\/wp-json\/wp\/v2\/pages\/69\/revisions\/1819"}],"wp:attachment":[{"href":"https:\/\/manufacturemeretmontagne.com\/index.php\/wp-json\/wp\/v2\/media?parent=69"}],"curies":[{"name":"wp","href":"https:\/\/api.w.org\/{rel}","templated":true}]}}