{"id":67,"date":"2025-01-07T15:32:11","date_gmt":"2025-01-07T14:32:11","guid":{"rendered":"https:\/\/manufacturemeretmontagne.com\/?page_id=67"},"modified":"2025-06-24T14:35:58","modified_gmt":"2025-06-24T12:35:58","slug":"politique-de-confidentialite","status":"publish","type":"page","link":"https:\/\/manufacturemeretmontagne.com\/index.php\/politique-de-confidentialite\/","title":{"rendered":"Politique de confidentialit\u00e9"},"content":{"rendered":"\t\t<div data-elementor-type=\"wp-page\" data-elementor-id=\"67\" class=\"elementor elementor-67\">\n\t\t\t\t<div class=\"elementor-element elementor-element-46cee64c e-con-full e-flex e-con e-parent\" data-id=\"46cee64c\" data-element_type=\"container\" data-e-type=\"container\" data-settings=\"{&quot;background_background&quot;:&quot;classic&quot;}\">\n\t\t\t\t<div class=\"elementor-element elementor-element-171368ea elementor-widget elementor-widget-heading\" data-id=\"171368ea\" data-element_type=\"widget\" data-e-type=\"widget\" data-widget_type=\"heading.default\">\n\t\t\t\t<div class=\"elementor-widget-container\">\n\t\t\t\t\t<h2 class=\"elementor-heading-title elementor-size-default\">Politique de confidentialit\u00e9<\/h2>\t\t\t\t<\/div>\n\t\t\t\t<\/div>\n\t\t\t\t<\/div>\n\t\t<div class=\"elementor-element elementor-element-19c09a71 e-flex e-con-boxed e-con e-parent\" data-id=\"19c09a71\" data-element_type=\"container\" data-e-type=\"container\" data-settings=\"{&quot;background_background&quot;:&quot;classic&quot;}\">\n\t\t\t\t\t<div class=\"e-con-inner\">\n\t\t<div class=\"elementor-element elementor-element-4f3e1d0d e-con-full e-flex e-con e-child\" data-id=\"4f3e1d0d\" data-element_type=\"container\" data-e-type=\"container\" data-settings=\"{&quot;background_background&quot;:&quot;classic&quot;}\">\n\t\t<div class=\"elementor-element elementor-element-48c9b192 e-con-full e-flex e-con e-child\" data-id=\"48c9b192\" data-element_type=\"container\" data-e-type=\"container\" data-settings=\"{&quot;background_background&quot;:&quot;classic&quot;}\">\n\t\t<div class=\"elementor-element elementor-element-485ab477 e-con-full e-flex e-con e-child\" data-id=\"485ab477\" data-element_type=\"container\" data-e-type=\"container\">\n\t\t\t\t<div class=\"elementor-element elementor-element-ba336bb elementor-widget elementor-widget-heading\" data-id=\"ba336bb\" data-element_type=\"widget\" data-e-type=\"widget\" data-widget_type=\"heading.default\">\n\t\t\t\t<div class=\"elementor-widget-container\">\n\t\t\t\t\t<h2 class=\"elementor-heading-title elementor-size-default\">Gestion des donn\u00e9es personnelles<\/h2>\t\t\t\t<\/div>\n\t\t\t\t<\/div>\n\t\t\t\t<div class=\"elementor-element elementor-element-1cff2be8 elementor-widget elementor-widget-text-editor\" data-id=\"1cff2be8\" data-element_type=\"widget\" data-e-type=\"widget\" data-widget_type=\"text-editor.default\">\n\t\t\t\t<div class=\"elementor-widget-container\">\n\t\t\t\t\t\t\t\t\t<div id=\"TheTexte\" class=\"Texte\" lang=\"zxx\"><h3>Pr\u00e9ambule<\/h3><p>La Manufacture Mer &amp; Montagne, en sa qualit\u00e9 de responsable de traitement, est susceptible de collecter et de traiter des donn\u00e9es \u00e0 caract\u00e8re personnel vous concernant sur son site internet \u00ab www.manufacturemeretmontagne.com\u00bb, via son formulaire de contact. Cette pr\u00e9sente politique a pour objet de vous informer des engagements et mesures pris par La Manufacture Mer &amp; Montagne afin de veiller \u00e0 la protection de vos donn\u00e9es. La Manufacture Mer &amp; Montagne s\u2019engage \u00e0 respecter la r\u00e9glementation en vigueur applicable au traitement de donn\u00e9es \u00e0 caract\u00e8re personnel et, en particulier, le r\u00e8glement (UE) 2016\/679 du Parlement europ\u00e9en et du Conseil du 27 avril 2016 applicable \u00e0 compter du 25 mai 2018 ainsi que la loi n\u00b078-17 du 6 janvier 1978 relative \u00e0 l\u2019informatique, aux fichiers et aux libert\u00e9s modifi\u00e9e par la loi n\u00b02018-493 du 20 juin 2018 relative \u00e0 la protection des donn\u00e9es personnelles. La pr\u00e9sente politique de protection des donn\u00e9es est susceptible d\u2019\u00e9voluer en fonction du contexte l\u00e9gal et r\u00e8glementaire, ainsi que des prises de position de la CNIL en mati\u00e8re de protection des donn\u00e9es.<\/p><h3>Finalit\u00e9s et dur\u00e9es de conservation<\/h3><table width=\"100%\"><tbody><tr><td width=\"20%\"><strong>Traitement<\/strong><\/td><td width=\"30%\"><strong>Finalit\u00e9<\/strong><\/td><td width=\"50%\"><strong>Base l\u00e9gale du traitement<\/strong><\/td><\/tr><tr><td>Formulaire de contact \/ estimation \/ recherche<\/td><td>Gestion des demandes de contact<\/td><td>Int\u00e9r\u00eat l\u00e9gitime de La Manufacture Mer &amp; Montagne afin de d\u00e9livrer les informations appropri\u00e9es \u00e0 la suite de la demande de contact<\/td><\/tr><\/tbody><\/table><p>Les donn\u00e9es collect\u00e9es sont conserv\u00e9es pendant une dur\u00e9e de cinq ans \u00e0 compter du dernier contact.<\/p><h3>Destinataires des donn\u00e9es<\/h3><p>Les donn\u00e9es collect\u00e9es sont destin\u00e9es \u00e0 La Manufacture Mer &amp; Montagne. Il est pr\u00e9cis\u00e9 que les prestataires informatiques en charge de l\u2019h\u00e9bergement et de la maintenance du site internet de La Manufacture Mer &amp; Montagne peuvent \u00e9galement avoir acc\u00e8s \u00e0 vos donn\u00e9es dans le cadre de la r\u00e9alisation de leurs prestations, \u00e9tant pr\u00e9cis\u00e9 que ces derniers s\u2019engagent \u00e9galement \u00e0 respecter la r\u00e8glementation relative aux donn\u00e9es \u00e0 caract\u00e8re personnel.<\/p><h3>Transfert des donn\u00e9es<\/h3><p>Aucun transfert de donn\u00e9es hors de l\u2019Union Europ\u00e9enne n\u2019est r\u00e9alis\u00e9.<\/p><h3>Mesures prises pour la s\u00e9curit\u00e9 des donn\u00e9es<\/h3><p>La Manufacture Mer &amp; Montagne s\u2019engage \u00e0 mettre en \u0153uvre les mesures techniques et organisationnelles appropri\u00e9es afin de garantir un niveau de s\u00e9curit\u00e9 adapt\u00e9. La Manufacture Mer &amp; Montagne utilise des pr\u00e9cautions, des r\u00e8gles et des proc\u00e9dures technologiques et de s\u00e9curit\u00e9 pour prot\u00e9ger vos informations personnelles contre tout acc\u00e8s non autoris\u00e9, utilisation frauduleuse, divulgation, perte ou destruction.<\/p><h3>Vos droits sur les donn\u00e9es vous concernant<\/h3><p>Vous pouvez acc\u00e9der aux donn\u00e9es vous concernant ou demander leur effacement. Vous disposez \u00e9galement d\u2019un droit d\u2019opposition, d\u2019un droit de rectification ainsi que d\u2019un droit \u00e0 la limitation du traitement de vos donn\u00e9es. Vous avez \u00e9galement un droit \u00e0 la portabilit\u00e9 de vos donn\u00e9es lorsque le traitement des donn\u00e9es est fond\u00e9 sur votre consentement ou lorsqu\u2019il est n\u00e9cessaire \u00e0 l\u2019ex\u00e9cution d\u2019un contrat auquel la personne concern\u00e9e est partie ou \u00e0 l\u2019ex\u00e9cution de mesures pr\u00e9 contractuelles prises en la demande de celle-ci. Pour exercer ces droits, vous pouvez contacter La Manufacture Mer &amp; Montagne par le formulaire de contact. Vous disposez enfin du droit d\u2019introduire toute r\u00e9clamation aupr\u00e8s de la Commission Nationale de l\u2019Informatique et des Libert\u00e9s.<\/p><h3>Cookies<\/h3><p>Lors de la visite sur le site de La Manufacture Mer &amp; Montagne, diff\u00e9rents cookies sont utilis\u00e9s pour am\u00e9liorer son interactivit\u00e9 et rendre les services plus performants. Les cookies ne sont d\u00e9pos\u00e9s que si l\u2019utilisateur manifeste son acceptation en cliquant sur l\u2019onglet d\u00e9di\u00e9.<\/p><h4>Qu\u2019est-ce qu\u2019un cookie ?<\/h4><p>Un \u00ab cookie \u00bb est un fichier de taille limit\u00e9e, g\u00e9n\u00e9ralement constitu\u00e9 de lettres et de chiffres, envoy\u00e9 par le serveur internet au fichier cookie du navigateur situ\u00e9 sur le disque dur de l\u2019ordinateur de l\u2019utilisateur.<\/p><h4>Quels sont les cookies que nous utilisons ?<\/h4><ol><li>Cookies de fonctionnalit\u00e9 : ces cookies permettent au site de fonctionner de mani\u00e8re optimale.<\/li><li>Cookies de mesure d\u2019audience : en vue d\u2019adapter le site aux demandes de ses utilisateurs, le nombre de visites, le nombre de pages vues ainsi que l\u2019activit\u00e9 des utilisateurs sur le Site et leur fr\u00e9quence de retour sont mesur\u00e9s.<\/li><\/ol><h4><strong>Gestion des cookies<\/strong><\/h4><p>L\u2019utilisateur peut supprimer et\/ou rejeter les cookies et autres traceurs en param\u00e9trant son navigateur. Si la plupart des navigateurs sont param\u00e9tr\u00e9s par d\u00e9faut et acceptent l\u2019installation de cookies, l\u2019utilisateur a la possibilit\u00e9 de param\u00e9trer son navigateur internet de mani\u00e8re \u00e0 accepter ou refuser l\u2019installation ou l\u2019utilisation de cookies ou encore de choisir ceux qu\u2019il accepte selon leurs \u00e9metteurs. La configuration de chaque navigateur est diff\u00e9rente. Elle est d\u00e9crite dans le menu d\u2019aide du navigateur, qui permettra de savoir de quelle mani\u00e8re adapter les souhaits en mati\u00e8re de cookies :<\/p><ul><li style=\"text-align: left;\"><span style=\"color: #002c48;\">Pour Chrome\u2122:<span style=\"color: #c2a371;\"> <u><a style=\"color: #c2a371;\" href=\"http:\/\/support.google.com\/chrome\/bin\/answer.py?hl=fr&amp;hlrm=en&amp;answer=95647\">http:\/\/support.google.com\/chrome\/bin\/answer.py?hl=fr&amp;hlrm=en&amp;answer=95647<\/a><\/u><\/span><\/span><\/li><li style=\"text-align: left;\"><span style=\"color: #002c48;\">Pour Internet Explorer\u2122 : <u><a style=\"color: #002c48;\" href=\"https:\/\/support.microsoft.com\/fr-fr\/help\/17442\/windows-internet-explorer-delete-manage-cookies\"><span style=\"color: #c2a371;\">https:\/\/support.microsoft.com\/fr-fr\/help\/17442\/windows-internet-explorer-delete-manage-cookies<\/span><\/a><\/u><\/span><\/li><li style=\"text-align: left;\"><span style=\"color: #002c48;\">Pour Safari\u2122 : <u><a style=\"color: #002c48;\" href=\"http:\/\/docs.info.apple.com\/article.html?path=Safari\/3.0\/fr\/9277.html\"><span style=\"color: #c2a371;\">http:\/\/docs.info.apple.com\/article.html?path=Safari\/3.0\/fr\/9277.html<\/span><\/a><\/u><\/span><\/li><li style=\"text-align: left;\"><span style=\"color: #002c48;\">Pour Firefox\u2122 :<u>\u00a0<a style=\"color: #002c48;\" href=\"https:\/\/support.mozilla.org\/fr\/kb\/protection-renforcee-contre-pistage-firefox-ordinateur?redirectlocale=fr&amp;redirectslug=Activer+et+d%C3%A9sactiver+les+cookies\"><span style=\"color: #c2a371;\">https:\/\/support.mozilla.org\/fr\/kb\/protection-renforcee-contre-pistage-firefox-ordinateur?redirectlocale=fr&amp;redirectslug=Activer+et+d%C3%A9sactiver+les+cookies<\/span><\/a><\/u><\/span><\/li><li style=\"text-align: left;\"><span style=\"color: #002c48;\">Pour Opera\u2122 : <\/span><u><a href=\"https:\/\/help.opera.com\/fr\/Windows\/10.20\/fr\/cookies.html\"><span style=\"color: #c2a371;\">https:\/\/help.opera.com\/fr\/Windows\/10.20\/fr\/cookies.html<\/span><\/a><\/u><\/li><\/ul><p>En param\u00e9trant le navigateur pour refuser les cookies, certaines fonctionnalit\u00e9s, pages, espaces du site pourront ne pas \u00eatre accessibles, ce dont La Manufacture Mer &amp; Montagne ne saurait \u00eatre responsable.<\/p><h3>Contact<\/h3><p>Pour toute demande d\u2019information relative \u00e0 la pr\u00e9sente politique de protection des donn\u00e9es, vous pouvez nous contacter via le formulaire de contact.<\/p><\/div>\t\t\t\t\t\t\t\t<\/div>\n\t\t\t\t<\/div>\n\t\t\t\t<div class=\"elementor-element elementor-element-dadb32c elementor-align-center elementor-mobile-align-center elementor-widget elementor-widget-button\" data-id=\"dadb32c\" data-element_type=\"widget\" data-e-type=\"widget\" data-widget_type=\"button.default\">\n\t\t\t\t<div class=\"elementor-widget-container\">\n\t\t\t\t\t\t\t\t\t<div class=\"elementor-button-wrapper\">\n\t\t\t\t\t<a class=\"elementor-button elementor-button-link elementor-size-sm\" href=\"https:\/\/manufacturemeretmontagne.com\/index.php\/agence-immobiliere-de-prestige\/\">\n\t\t\t\t\t\t<span class=\"elementor-button-content-wrapper\">\n\t\t\t\t\t\t\t\t\t<span class=\"elementor-button-text\">Retour \u00e0 l'accueil<\/span>\n\t\t\t\t\t<\/span>\n\t\t\t\t\t<\/a>\n\t\t\t\t<\/div>\n\t\t\t\t\t\t\t\t<\/div>\n\t\t\t\t<\/div>\n\t\t\t\t<\/div>\n\t\t\t\t<\/div>\n\t\t\t\t<\/div>\n\t\t\t\t\t<\/div>\n\t\t\t\t<\/div>\n\t\t\t\t<\/div>\n\t\t","protected":false},"excerpt":{"rendered":"<p>Politique de confidentialit\u00e9 Gestion des donn\u00e9es personnelles Pr\u00e9ambule La Manufacture Mer &amp; Montagne, en sa qualit\u00e9 de responsable de traitement, est susceptible de collecter et de traiter des donn\u00e9es \u00e0 caract\u00e8re personnel vous concernant sur son site internet \u00ab www.manufacturemeretmontagne.com\u00bb, via son formulaire de contact. Cette pr\u00e9sente politique a pour objet de vous informer des [&hellip;]<\/p>\n","protected":false},"author":1,"featured_media":0,"parent":0,"menu_order":0,"comment_status":"closed","ping_status":"closed","template":"elementor_header_footer","meta":{"ocean_post_layout":"full-width","ocean_both_sidebars_style":"","ocean_both_sidebars_content_width":0,"ocean_both_sidebars_sidebars_width":0,"ocean_sidebar":"","ocean_second_sidebar":"","ocean_disable_margins":"on","ocean_add_body_class":"","ocean_shortcode_before_top_bar":"","ocean_shortcode_after_top_bar":"","ocean_shortcode_before_header":"","ocean_shortcode_after_header":"","ocean_has_shortcode":"","ocean_shortcode_after_title":"","ocean_shortcode_before_footer_widgets":"","ocean_shortcode_after_footer_widgets":"","ocean_shortcode_before_footer_bottom":"","ocean_shortcode_after_footer_bottom":"","ocean_display_top_bar":"off","ocean_display_header":"default","ocean_header_style":"","ocean_center_header_left_menu":"","ocean_custom_header_template":"","ocean_custom_logo":0,"ocean_custom_retina_logo":0,"ocean_custom_logo_max_width":0,"ocean_custom_logo_tablet_max_width":0,"ocean_custom_logo_mobile_max_width":0,"ocean_custom_logo_max_height":0,"ocean_custom_logo_tablet_max_height":0,"ocean_custom_logo_mobile_max_height":0,"ocean_header_custom_menu":"","ocean_menu_typo_font_family":"","ocean_menu_typo_font_subset":"","ocean_menu_typo_font_size":0,"ocean_menu_typo_font_size_tablet":0,"ocean_menu_typo_font_size_mobile":0,"ocean_menu_typo_font_size_unit":"px","ocean_menu_typo_font_weight":"","ocean_menu_typo_font_weight_tablet":"","ocean_menu_typo_font_weight_mobile":"","ocean_menu_typo_transform":"","ocean_menu_typo_transform_tablet":"","ocean_menu_typo_transform_mobile":"","ocean_menu_typo_line_height":0,"ocean_menu_typo_line_height_tablet":0,"ocean_menu_typo_line_height_mobile":0,"ocean_menu_typo_line_height_unit":"","ocean_menu_typo_spacing":0,"ocean_menu_typo_spacing_tablet":0,"ocean_menu_typo_spacing_mobile":0,"ocean_menu_typo_spacing_unit":"","ocean_menu_link_color":"","ocean_menu_link_color_hover":"","ocean_menu_link_color_active":"","ocean_menu_link_background":"","ocean_menu_link_hover_background":"","ocean_menu_link_active_background":"","ocean_menu_social_links_bg":"","ocean_menu_social_hover_links_bg":"","ocean_menu_social_links_color":"","ocean_menu_social_hover_links_color":"","ocean_disable_title":"on","ocean_disable_heading":"default","ocean_post_title":"","ocean_post_subheading":"","ocean_post_title_style":"","ocean_post_title_background_color":"","ocean_post_title_background":0,"ocean_post_title_bg_image_position":"","ocean_post_title_bg_image_attachment":"","ocean_post_title_bg_image_repeat":"","ocean_post_title_bg_image_size":"","ocean_post_title_height":0,"ocean_post_title_bg_overlay":0.5,"ocean_post_title_bg_overlay_color":"","ocean_disable_breadcrumbs":"default","ocean_breadcrumbs_color":"","ocean_breadcrumbs_separator_color":"","ocean_breadcrumbs_links_color":"","ocean_breadcrumbs_links_hover_color":"","ocean_display_footer_widgets":"off","ocean_display_footer_bottom":"off","ocean_custom_footer_template":"","footnotes":""},"class_list":["post-67","page","type-page","status-publish","hentry","entry"],"yoast_head":"<!-- This site is optimized with the Yoast SEO plugin v27.1.1 - https:\/\/yoast.com\/product\/yoast-seo-wordpress\/ -->\n<title>Politique de confidentialit\u00e9 - Manufacture Mer &amp; Montagne<\/title>\n<meta name=\"robots\" content=\"noindex, follow\" \/>\n<meta property=\"og:locale\" content=\"fr_FR\" \/>\n<meta property=\"og:type\" content=\"article\" \/>\n<meta property=\"og:title\" content=\"Politique de confidentialit\u00e9 - Manufacture Mer &amp; Montagne\" \/>\n<meta property=\"og:description\" content=\"Politique de confidentialit\u00e9 Gestion des donn\u00e9es personnelles Pr\u00e9ambule La Manufacture Mer &amp; Montagne, en sa qualit\u00e9 de responsable de traitement, est susceptible de collecter et de traiter des donn\u00e9es \u00e0 caract\u00e8re personnel vous concernant sur son site internet \u00ab www.manufacturemeretmontagne.com\u00bb, via son formulaire de contact. Cette pr\u00e9sente politique a pour objet de vous informer des [&hellip;]\" \/>\n<meta property=\"og:url\" content=\"https:\/\/manufacturemeretmontagne.com\/index.php\/politique-de-confidentialite\/\" \/>\n<meta property=\"og:site_name\" content=\"Manufacture Mer &amp; Montagne\" \/>\n<meta property=\"article:modified_time\" content=\"2025-06-24T12:35:58+00:00\" \/>\n<meta name=\"twitter:card\" content=\"summary_large_image\" \/>\n<meta name=\"twitter:label1\" content=\"Dur\u00e9e de lecture estim\u00e9e\" \/>\n\t<meta name=\"twitter:data1\" content=\"5 minutes\" \/>\n<script type=\"application\/ld+json\" class=\"yoast-schema-graph\">{\"@context\":\"https:\/\/schema.org\",\"@graph\":[{\"@type\":\"WebPage\",\"@id\":\"https:\/\/manufacturemeretmontagne.com\/index.php\/politique-de-confidentialite\/\",\"url\":\"https:\/\/manufacturemeretmontagne.com\/index.php\/politique-de-confidentialite\/\",\"name\":\"Politique de confidentialit\u00e9 - Manufacture Mer &amp; Montagne\",\"isPartOf\":{\"@id\":\"https:\/\/manufacturemeretmontagne.com\/#website\"},\"datePublished\":\"2025-01-07T14:32:11+00:00\",\"dateModified\":\"2025-06-24T12:35:58+00:00\",\"breadcrumb\":{\"@id\":\"https:\/\/manufacturemeretmontagne.com\/index.php\/politique-de-confidentialite\/#breadcrumb\"},\"inLanguage\":\"fr-FR\",\"potentialAction\":[{\"@type\":\"ReadAction\",\"target\":[\"https:\/\/manufacturemeretmontagne.com\/index.php\/politique-de-confidentialite\/\"]}]},{\"@type\":\"BreadcrumbList\",\"@id\":\"https:\/\/manufacturemeretmontagne.com\/index.php\/politique-de-confidentialite\/#breadcrumb\",\"itemListElement\":[{\"@type\":\"ListItem\",\"position\":1,\"name\":\"Accueil\",\"item\":\"https:\/\/manufacturemeretmontagne.com\/\"},{\"@type\":\"ListItem\",\"position\":2,\"name\":\"Politique de confidentialit\u00e9\"}]},{\"@type\":\"WebSite\",\"@id\":\"https:\/\/manufacturemeretmontagne.com\/#website\",\"url\":\"https:\/\/manufacturemeretmontagne.com\/\",\"name\":\"Manufacture Mer &amp; Montagne\",\"description\":\"Agence Immobili\u00e8re\",\"publisher\":{\"@id\":\"https:\/\/manufacturemeretmontagne.com\/#organization\"},\"potentialAction\":[{\"@type\":\"SearchAction\",\"target\":{\"@type\":\"EntryPoint\",\"urlTemplate\":\"https:\/\/manufacturemeretmontagne.com\/?s={search_term_string}\"},\"query-input\":{\"@type\":\"PropertyValueSpecification\",\"valueRequired\":true,\"valueName\":\"search_term_string\"}}],\"inLanguage\":\"fr-FR\"},{\"@type\":\"Organization\",\"@id\":\"https:\/\/manufacturemeretmontagne.com\/#organization\",\"name\":\"Manufacture Mer &amp; Montagne\",\"url\":\"https:\/\/manufacturemeretmontagne.com\/\",\"logo\":{\"@type\":\"ImageObject\",\"inLanguage\":\"fr-FR\",\"@id\":\"https:\/\/manufacturemeretmontagne.com\/#\/schema\/logo\/image\/\",\"url\":\"https:\/\/manufacturemeretmontagne.com\/wp-content\/uploads\/2025\/01\/cropped-Logo-MMM-Header-2.png\",\"contentUrl\":\"https:\/\/manufacturemeretmontagne.com\/wp-content\/uploads\/2025\/01\/cropped-Logo-MMM-Header-2.png\",\"width\":3171,\"height\":1028,\"caption\":\"Manufacture Mer &amp; Montagne\"},\"image\":{\"@id\":\"https:\/\/manufacturemeretmontagne.com\/#\/schema\/logo\/image\/\"}}]}<\/script>\n<!-- \/ Yoast SEO plugin. -->","yoast_head_json":{"title":"Politique de confidentialit\u00e9 - Manufacture Mer &amp; Montagne","robots":{"index":"noindex","follow":"follow"},"og_locale":"fr_FR","og_type":"article","og_title":"Politique de confidentialit\u00e9 - Manufacture Mer &amp; Montagne","og_description":"Politique de confidentialit\u00e9 Gestion des donn\u00e9es personnelles Pr\u00e9ambule La Manufacture Mer &amp; Montagne, en sa qualit\u00e9 de responsable de traitement, est susceptible de collecter et de traiter des donn\u00e9es \u00e0 caract\u00e8re personnel vous concernant sur son site internet \u00ab www.manufacturemeretmontagne.com\u00bb, via son formulaire de contact. Cette pr\u00e9sente politique a pour objet de vous informer des [&hellip;]","og_url":"https:\/\/manufacturemeretmontagne.com\/index.php\/politique-de-confidentialite\/","og_site_name":"Manufacture Mer &amp; Montagne","article_modified_time":"2025-06-24T12:35:58+00:00","twitter_card":"summary_large_image","twitter_misc":{"Dur\u00e9e de lecture estim\u00e9e":"5 minutes"},"schema":{"@context":"https:\/\/schema.org","@graph":[{"@type":"WebPage","@id":"https:\/\/manufacturemeretmontagne.com\/index.php\/politique-de-confidentialite\/","url":"https:\/\/manufacturemeretmontagne.com\/index.php\/politique-de-confidentialite\/","name":"Politique de confidentialit\u00e9 - Manufacture Mer &amp; Montagne","isPartOf":{"@id":"https:\/\/manufacturemeretmontagne.com\/#website"},"datePublished":"2025-01-07T14:32:11+00:00","dateModified":"2025-06-24T12:35:58+00:00","breadcrumb":{"@id":"https:\/\/manufacturemeretmontagne.com\/index.php\/politique-de-confidentialite\/#breadcrumb"},"inLanguage":"fr-FR","potentialAction":[{"@type":"ReadAction","target":["https:\/\/manufacturemeretmontagne.com\/index.php\/politique-de-confidentialite\/"]}]},{"@type":"BreadcrumbList","@id":"https:\/\/manufacturemeretmontagne.com\/index.php\/politique-de-confidentialite\/#breadcrumb","itemListElement":[{"@type":"ListItem","position":1,"name":"Accueil","item":"https:\/\/manufacturemeretmontagne.com\/"},{"@type":"ListItem","position":2,"name":"Politique de confidentialit\u00e9"}]},{"@type":"WebSite","@id":"https:\/\/manufacturemeretmontagne.com\/#website","url":"https:\/\/manufacturemeretmontagne.com\/","name":"Manufacture Mer &amp; Montagne","description":"Agence Immobili\u00e8re","publisher":{"@id":"https:\/\/manufacturemeretmontagne.com\/#organization"},"potentialAction":[{"@type":"SearchAction","target":{"@type":"EntryPoint","urlTemplate":"https:\/\/manufacturemeretmontagne.com\/?s={search_term_string}"},"query-input":{"@type":"PropertyValueSpecification","valueRequired":true,"valueName":"search_term_string"}}],"inLanguage":"fr-FR"},{"@type":"Organization","@id":"https:\/\/manufacturemeretmontagne.com\/#organization","name":"Manufacture Mer &amp; Montagne","url":"https:\/\/manufacturemeretmontagne.com\/","logo":{"@type":"ImageObject","inLanguage":"fr-FR","@id":"https:\/\/manufacturemeretmontagne.com\/#\/schema\/logo\/image\/","url":"https:\/\/manufacturemeretmontagne.com\/wp-content\/uploads\/2025\/01\/cropped-Logo-MMM-Header-2.png","contentUrl":"https:\/\/manufacturemeretmontagne.com\/wp-content\/uploads\/2025\/01\/cropped-Logo-MMM-Header-2.png","width":3171,"height":1028,"caption":"Manufacture Mer &amp; Montagne"},"image":{"@id":"https:\/\/manufacturemeretmontagne.com\/#\/schema\/logo\/image\/"}}]}},"_links":{"self":[{"href":"https:\/\/manufacturemeretmontagne.com\/index.php\/wp-json\/wp\/v2\/pages\/67","targetHints":{"allow":["GET"]}}],"collection":[{"href":"https:\/\/manufacturemeretmontagne.com\/index.php\/wp-json\/wp\/v2\/pages"}],"about":[{"href":"https:\/\/manufacturemeretmontagne.com\/index.php\/wp-json\/wp\/v2\/types\/page"}],"author":[{"embeddable":true,"href":"https:\/\/manufacturemeretmontagne.com\/index.php\/wp-json\/wp\/v2\/users\/1"}],"replies":[{"embeddable":true,"href":"https:\/\/manufacturemeretmontagne.com\/index.php\/wp-json\/wp\/v2\/comments?post=67"}],"version-history":[{"count":35,"href":"https:\/\/manufacturemeretmontagne.com\/index.php\/wp-json\/wp\/v2\/pages\/67\/revisions"}],"predecessor-version":[{"id":1812,"href":"https:\/\/manufacturemeretmontagne.com\/index.php\/wp-json\/wp\/v2\/pages\/67\/revisions\/1812"}],"wp:attachment":[{"href":"https:\/\/manufacturemeretmontagne.com\/index.php\/wp-json\/wp\/v2\/media?parent=67"}],"curies":[{"name":"wp","href":"https:\/\/api.w.org\/{rel}","templated":true}]}}